{"id":141,"date":"2023-03-14T10:42:48","date_gmt":"2023-03-14T10:42:48","guid":{"rendered":"https:\/\/export.mercurytheme.com\/013\/?page_id=141"},"modified":"2025-05-28T12:43:44","modified_gmt":"2025-05-28T12:43:44","slug":"privacy-policy-2","status":"publish","type":"page","link":"https:\/\/omeglecam.live\/tr\/privacy-policy-2\/","title":{"rendered":"Gizlilik Politikas\u0131"},"content":{"rendered":"<hr class=\"wp-block-separator has-alpha-channel-opacity\"\/>\n\n\n\n<h2 class=\"wp-block-heading\">Biz Kimiz<\/h2>\n\n\n\n<h3 class=\"wp-block-heading\"><br><strong>Web sitesi:<\/strong> <a href=\"https:\/\/omeglecam.live\/tr\/\">https:\/\/omeglecam.live<\/a><\/h3>\n\n\n\n<p>Biz OmegleCam.live&#039;\u0131z, \u00e7evrimi\u00e7i g\u00f6r\u00fcnt\u00fcl\u00fc sohbet ve e\u011flence sunan bir platformuz. Bu Gizlilik Politikas\u0131, web sitemizle etkile\u015fim kurdu\u011funuzda bilgilerinizi nas\u0131l toplad\u0131\u011f\u0131m\u0131z\u0131, kulland\u0131\u011f\u0131m\u0131z\u0131 ve korudu\u011fumuzu a\u00e7\u0131klar.<\/p>\n\n\n\n<h3 class=\"wp-block-heading\">Hangi Ki\u015fisel Verileri Neden Topluyoruz?<\/h3>\n\n\n\n<h4 class=\"wp-block-heading\">Yorumlar<\/h4>\n\n\n\n<p>Ziyaret\u00e7iler sitede yorum b\u0131rakt\u0131\u011f\u0131nda, yorum formunda g\u00f6sterilen verileri ve ayr\u0131ca spam tespitine yard\u0131mc\u0131 olmak i\u00e7in ziyaret\u00e7inin IP adresini ve taray\u0131c\u0131 kullan\u0131c\u0131 arac\u0131s\u0131 dizesini toplar\u0131z.<\/p>\n\n\n\n<p>E-postan\u0131zdan olu\u015fturulan anonimle\u015ftirilmi\u015f bir karma, onayl\u0131 yorumlar\u0131n yan\u0131nda profil resminizi g\u00f6r\u00fcnt\u00fclemek i\u00e7in Gravatar hizmetiyle payla\u015f\u0131labilir. Gravatar&#039;\u0131n gizlilik politikas\u0131 hakk\u0131nda daha fazla bilgi edinmek i\u00e7in buraya t\u0131klay\u0131n: <a href=\"https:\/\/automattic.com\/privacy\" target=\"_blank\" rel=\"noopener\">https:\/\/automattic.com\/privacy<\/a><\/p>\n\n\n\n<h4 class=\"wp-block-heading\">Medya<\/h4>\n\n\n\n<p>Resim y\u00fcklerseniz, l\u00fctfen g\u00f6m\u00fcl\u00fc konum verilerini (EXIF GPS) eklemekten ka\u00e7\u0131n\u0131n; \u00e7\u00fcnk\u00fc ba\u015fkalar\u0131 bu verileri indirip \u00e7\u0131karabilir.<\/p>\n\n\n\n<h4 class=\"wp-block-heading\">\u0130leti\u015fim Formlar\u0131<\/h4>\n\n\n\n<p>\u0130leti\u015fim formlar\u0131 arac\u0131l\u0131\u011f\u0131yla g\u00f6nderilen bilgiler g\u00fcvenli bir \u015fekilde saklan\u0131r ve yaln\u0131zca sorular\u0131n\u0131za yan\u0131t vermek veya destek sa\u011flamak amac\u0131yla kullan\u0131l\u0131r.<\/p>\n\n\n\n<h3 class=\"wp-block-heading\">\u00c7erezler<\/h3>\n\n\n\n<ul class=\"wp-block-list\">\n<li><strong>Yorum \u00c7erezleri:<\/strong> Sitemizde yorum yaparsan\u0131z, kolayl\u0131k olmas\u0131 a\u00e7\u0131s\u0131ndan ad\u0131n\u0131z\u0131, e-postan\u0131z\u0131 ve web sitenizi \u00e7erezlere kaydetmeyi se\u00e7ebilirsiniz. Bu \u00e7erezler bir y\u0131l s\u00fcrer.<\/li>\n\n\n\n<li><strong>Giri\u015f \u00c7erezleri:<\/strong> Taray\u0131c\u0131n\u0131z\u0131n \u00e7erezleri destekleyip desteklemedi\u011fini kontrol etmek i\u00e7in ge\u00e7ici \u00e7erezler kullan\u0131r\u0131z. Oturum a\u00e7t\u0131\u011f\u0131n\u0131zda, \u00e7erezler oturum a\u00e7ma bilgilerinizi 2 g\u00fcn (veya &quot;Beni Hat\u0131rla&quot;y\u0131 se\u00e7erseniz 2 hafta) boyunca saklar. Oturumu kapatmak bu \u00e7erezleri kald\u0131r\u0131r.<\/li>\n\n\n\n<li><strong>\u00c7erezleri D\u00fczenleme:<\/strong> Makaleleri d\u00fczenlerken veya yay\u0131nlarken, g\u00f6nderi kimli\u011fine sahip bir \u00e7erez kaydedilir ve bir g\u00fcn sonra s\u00fcresi dolar.<\/li>\n<\/ul>\n\n\n\n<h3 class=\"wp-block-heading\">Di\u011fer Web Sitelerinden G\u00f6m\u00fcl\u00fc \u0130\u00e7erik<\/h3>\n\n\n\n<p>Bu sitedeki makaleler g\u00f6m\u00fcl\u00fc i\u00e7erik (\u00f6rne\u011fin, videolar, resimler) i\u00e7erebilir. Bunlar, \u00fc\u00e7\u00fcnc\u00fc taraf sitesini ziyaret etmi\u015fsiniz gibi davran\u0131r ve verilerinizi toplayabilir, \u00e7erezleri kullanabilir veya etkile\u015fimleri izleyebilir.<\/p>\n\n\n\n<h3 class=\"wp-block-heading\">Analitik<\/h3>\n\n\n\n<p>Ziyaret\u00e7ilerin sitemizle nas\u0131l etkile\u015fim kurdu\u011funu anlamak i\u00e7in analiz ara\u00e7lar\u0131 kullan\u0131yoruz. Bu, i\u015flevselli\u011fi ve kullan\u0131c\u0131 deneyimini iyile\u015ftirmemize yard\u0131mc\u0131 olur. Bu s\u00fcre\u00e7te ki\u015fisel olarak tan\u0131mlanabilir hi\u00e7bir bilgi saklanmaz veya payla\u015f\u0131lmaz.<\/p>\n\n\n\n<h3 class=\"wp-block-heading\">Verilerinizi Kimlerle Payla\u015f\u0131yoruz<\/h3>\n\n\n\n<p>Ki\u015fisel verilerinizi satm\u0131yor veya kiralam\u0131yoruz. Ziyaret\u00e7i yorumlar\u0131 otomatik spam alg\u0131lama hizmetleri arac\u0131l\u0131\u011f\u0131yla incelenebilir. Veriler teknik destek, analiz veya yasal uyumluluk i\u00e7in g\u00fcvenilir ortaklarla payla\u015f\u0131labilir.<\/p>\n\n\n\n<h3 class=\"wp-block-heading\">Verilerinizi Ne Kadar S\u00fcreyle Sakl\u0131yoruz<\/h3>\n\n\n\n<ul class=\"wp-block-list\">\n<li>Takip eden yorumlar\u0131 tan\u0131mak ve onaylamak i\u00e7in yorumlar ve meta veriler s\u00fcresiz olarak saklan\u0131r.<\/li>\n\n\n\n<li>Kay\u0131t yapt\u0131r\u0131rsan\u0131z, profil bilgilerinizi saklar\u0131z. Kullan\u0131c\u0131lar ki\u015fisel verileri istedikleri zaman g\u00f6r\u00fcnt\u00fcleyebilir, d\u00fczenleyebilir veya silebilir (kullan\u0131c\u0131 ad\u0131 de\u011fi\u015ftirilemez). Y\u00f6neticiler de bu verileri g\u00f6r\u00fcnt\u00fcleyebilir ve d\u00fczenleyebilir.<\/li>\n<\/ul>\n\n\n\n<h3 class=\"wp-block-heading\">Verileriniz \u00dczerindeki Haklar\u0131n\u0131z<\/h3>\n\n\n\n<p>Ki\u015fisel verilerinizin d\u0131\u015fa aktar\u0131lmas\u0131n\u0131 talep edebilir veya silinmesini talep edebilirsiniz. Bu, idari, yasal veya g\u00fcvenlik ama\u00e7lar\u0131 i\u00e7in saklamam\u0131z gereken verileri hari\u00e7 tutar.<\/p>\n\n\n\n<h3 class=\"wp-block-heading\">Verilerinizi Nereye G\u00f6nderiyoruz<\/h3>\n\n\n\n<p>Ziyaret\u00e7i yorumlar\u0131, \u00fc\u00e7\u00fcnc\u00fc taraflarca bar\u0131nd\u0131r\u0131lan otomatik spam alg\u0131lama ara\u00e7lar\u0131 arac\u0131l\u0131\u011f\u0131yla kontrol edilebilir.<\/p>\n\n\n\n<h3 class=\"wp-block-heading\">\u0130leti\u015fim Bilgileriniz<\/h3>\n\n\n\n<p>Formlar veya kullan\u0131c\u0131 profilleri arac\u0131l\u0131\u011f\u0131yla g\u00f6nderilen ileti\u015fim bilgilerini yaln\u0131zca sorular\u0131n\u0131za yan\u0131t vermek veya platform eri\u015fimi sa\u011flamak i\u00e7in sakl\u0131yoruz. Verileriniz, onay\u0131n\u0131z olmadan pazarlama ama\u00e7lar\u0131yla payla\u015f\u0131lmaz.<\/p>\n\n\n\n<h3 class=\"wp-block-heading\">Ek Bilgiler<\/h3>\n\n\n\n<h4 class=\"wp-block-heading\">Verilerinizi Nas\u0131l Koruyoruz<\/h4>\n\n\n\n<p>Ki\u015fisel bilgilerinizi korumak i\u00e7in \u015fifreleme, g\u00fcvenlik duvarlar\u0131 ve g\u00fcvenli eri\u015fim protokolleri gibi sekt\u00f6r standartlar\u0131nda g\u00fcvenlik \u00f6nlemlerini uyguluyoruz.<\/p>\n\n\n\n<h4 class=\"wp-block-heading\">Veri \u0130hlali Prosed\u00fcrleri<\/h4>\n\n\n\n<p>Bir ihlal durumunda, yasan\u0131n gerektirdi\u011fi \u015fekilde etkilenen kullan\u0131c\u0131lar\u0131 ve ilgili makamlar\u0131 bilgilendirece\u011fiz. Yetkisiz eri\u015fimi aktif olarak izliyor ve riskleri azalt\u0131yoruz.<\/p>\n\n\n\n<h4 class=\"wp-block-heading\">\u00dc\u00e7\u00fcnc\u00fc Taraf Veri Kaynaklar\u0131<\/h4>\n\n\n\n<p>Web sitemizi ve kullan\u0131c\u0131 deneyimimizi iyile\u015ftirmemize yard\u0131mc\u0131 olan \u00fc\u00e7\u00fcnc\u00fc taraf hizmetlerden (\u00f6rne\u011fin analiz sa\u011flay\u0131c\u0131lar\u0131) veri alabiliriz.<\/p>\n\n\n\n<h4 class=\"wp-block-heading\">Otomatik Karar Alma<\/h4>\n\n\n\n<p>Sizin onay\u0131n\u0131z olmadan ki\u015fisel verilerinizi otomatik karar alma veya profil olu\u015fturma amac\u0131yla kullanmay\u0131z.<\/p>\n\n\n\n<h4 class=\"wp-block-heading\">End\u00fcstri Uyumlulu\u011fu<\/h4>\n\n\n\n<p>Verilerinizin sorumlu bir \u015fekilde i\u015flenmesini sa\u011flamak i\u00e7in GDPR ve di\u011fer gizlilik \u00e7er\u00e7eveleri de dahil olmak \u00fczere ge\u00e7erli veri koruma d\u00fczenlemelerine uyuyoruz.<\/p>\n\n\n\n<p><\/p>","protected":false},"excerpt":{"rendered":"<p>Who We Are Website: https:\/\/omeglecam.live We are OmegleCam.live, a platform that offers online video chat and entertainment. This Privacy Policy explains how we collect, use, and protect your information when you interact with our website. What Personal Data We Collect and Why Comments When visitors leave comments on the site, we collect the data shown [&hellip;]<\/p>\n","protected":false},"author":1,"featured_media":0,"parent":0,"menu_order":0,"comment_status":"closed","ping_status":"closed","template":"","meta":{"footnotes":""},"class_list":["post-141","page","type-page","status-publish","hentry"],"_links":{"self":[{"href":"https:\/\/omeglecam.live\/tr\/wp-json\/wp\/v2\/pages\/141","targetHints":{"allow":["GET"]}}],"collection":[{"href":"https:\/\/omeglecam.live\/tr\/wp-json\/wp\/v2\/pages"}],"about":[{"href":"https:\/\/omeglecam.live\/tr\/wp-json\/wp\/v2\/types\/page"}],"author":[{"embeddable":true,"href":"https:\/\/omeglecam.live\/tr\/wp-json\/wp\/v2\/users\/1"}],"replies":[{"embeddable":true,"href":"https:\/\/omeglecam.live\/tr\/wp-json\/wp\/v2\/comments?post=141"}],"version-history":[{"count":1,"href":"https:\/\/omeglecam.live\/tr\/wp-json\/wp\/v2\/pages\/141\/revisions"}],"predecessor-version":[{"id":310,"href":"https:\/\/omeglecam.live\/tr\/wp-json\/wp\/v2\/pages\/141\/revisions\/310"}],"wp:attachment":[{"href":"https:\/\/omeglecam.live\/tr\/wp-json\/wp\/v2\/media?parent=141"}],"curies":[{"name":"wp","href":"https:\/\/api.w.org\/{rel}","templated":true}]}}