{"id":141,"date":"2023-03-14T10:42:48","date_gmt":"2023-03-14T10:42:48","guid":{"rendered":"https:\/\/export.mercurytheme.com\/013\/?page_id=141"},"modified":"2025-05-28T12:43:44","modified_gmt":"2025-05-28T12:43:44","slug":"privacy-policy-2","status":"publish","type":"page","link":"https:\/\/omeglecam.live\/pt\/privacy-policy-2\/","title":{"rendered":"pol\u00edtica de Privacidade"},"content":{"rendered":"<hr class=\"wp-block-separator has-alpha-channel-opacity\"\/>\n\n\n\n<h2 class=\"wp-block-heading\">Quem Somos<\/h2>\n\n\n\n<h3 class=\"wp-block-heading\"><br><strong>Site:<\/strong> <a href=\"https:\/\/omeglecam.live\/pt\/\">https:\/\/omeglecam.live<\/a><\/h3>\n\n\n\n<p>Somos o OmegleCam.live, uma plataforma que oferece bate-papo por v\u00eddeo e entretenimento online. Esta Pol\u00edtica de Privacidade explica como coletamos, usamos e protegemos suas informa\u00e7\u00f5es quando voc\u00ea interage com nosso site.<\/p>\n\n\n\n<h3 class=\"wp-block-heading\">Quais dados pessoais coletamos e por qu\u00ea<\/h3>\n\n\n\n<h4 class=\"wp-block-heading\">Coment\u00e1rios<\/h4>\n\n\n\n<p>Quando os visitantes deixam coment\u00e1rios no site, coletamos os dados mostrados no formul\u00e1rio de coment\u00e1rios, bem como o endere\u00e7o IP do visitante e a sequ\u00eancia de caracteres do agente do usu\u00e1rio do navegador para auxiliar na detec\u00e7\u00e3o de spam.<\/p>\n\n\n\n<p>Um hash an\u00f4nimo criado a partir do seu e-mail pode ser compartilhado com o servi\u00e7o Gravatar para exibir sua imagem de perfil ao lado dos coment\u00e1rios aprovados. Saiba mais sobre a pol\u00edtica de privacidade do Gravatar aqui: <a href=\"https:\/\/automattic.com\/privacy\" target=\"_blank\" rel=\"noopener\">https:\/\/automattic.com\/privacy<\/a><\/p>\n\n\n\n<h4 class=\"wp-block-heading\">M\u00eddia<\/h4>\n\n\n\n<p>Se voc\u00ea enviar imagens, evite incluir dados de localiza\u00e7\u00e3o incorporados (EXIF GPS), pois outras pessoas podem baixar e extrair esses dados.<\/p>\n\n\n\n<h4 class=\"wp-block-heading\">Formul\u00e1rios de contato<\/h4>\n\n\n\n<p>As informa\u00e7\u00f5es enviadas por meio de formul\u00e1rios de contato s\u00e3o armazenadas com seguran\u00e7a e usadas apenas para responder \u00e0 sua consulta ou fornecer suporte.<\/p>\n\n\n\n<h3 class=\"wp-block-heading\">Biscoitos<\/h3>\n\n\n\n<ul class=\"wp-block-list\">\n<li><strong>Cookies de coment\u00e1rios:<\/strong> Ao comentar em nosso site, voc\u00ea poder\u00e1 optar por salvar seu nome, e-mail e site em cookies para sua conveni\u00eancia. Esses cookies duram um ano.<\/li>\n\n\n\n<li><strong>Cookies de login:<\/strong> Utilizamos cookies tempor\u00e1rios para verificar se o seu navegador suporta cookies. Ao efetuar login, os cookies armazenam suas informa\u00e7\u00f5es de login por 2 dias (ou 2 semanas se voc\u00ea selecionar &quot;Lembrar de mim&quot;). Ao sair, esses cookies s\u00e3o removidos.<\/li>\n\n\n\n<li><strong>Edi\u00e7\u00e3o de Cookies:<\/strong> Ao editar ou publicar artigos, um cookie com o ID da postagem \u00e9 salvo e expira ap\u00f3s um dia.<\/li>\n<\/ul>\n\n\n\n<h3 class=\"wp-block-heading\">Conte\u00fado incorporado de outros sites<\/h3>\n\n\n\n<p>Os artigos neste site podem incluir conte\u00fado incorporado (por exemplo, v\u00eddeos, imagens). Estes se comportam como se voc\u00ea tivesse visitado o site de terceiros e podem coletar seus dados, usar cookies ou rastrear intera\u00e7\u00f5es.<\/p>\n\n\n\n<h3 class=\"wp-block-heading\">An\u00e1lise<\/h3>\n\n\n\n<p>Utilizamos ferramentas de an\u00e1lise para entender como os visitantes interagem com nosso site. Isso nos ajuda a melhorar a funcionalidade e a experi\u00eancia do usu\u00e1rio. Nenhuma informa\u00e7\u00e3o pessoalmente identific\u00e1vel \u00e9 armazenada ou compartilhada nesse processo.<\/p>\n\n\n\n<h3 class=\"wp-block-heading\">Com quem compartilhamos seus dados<\/h3>\n\n\n\n<p>N\u00e3o vendemos nem alugamos seus dados pessoais. Os coment\u00e1rios dos visitantes podem ser analisados por servi\u00e7os automatizados de detec\u00e7\u00e3o de spam. Os dados podem ser compartilhados com parceiros confi\u00e1veis para suporte t\u00e9cnico, an\u00e1lise ou conformidade legal.<\/p>\n\n\n\n<h3 class=\"wp-block-heading\">Por quanto tempo retemos seus dados<\/h3>\n\n\n\n<ul class=\"wp-block-list\">\n<li>Coment\u00e1rios e metadados s\u00e3o armazenados indefinidamente para reconhecer e aprovar coment\u00e1rios de acompanhamento.<\/li>\n\n\n\n<li>Ao se registrar, armazenaremos as informa\u00e7\u00f5es do seu perfil. Os usu\u00e1rios podem visualizar, editar ou excluir dados pessoais a qualquer momento (o nome de usu\u00e1rio n\u00e3o pode ser alterado). Os administradores tamb\u00e9m podem visualizar e editar esses dados.<\/li>\n<\/ul>\n\n\n\n<h3 class=\"wp-block-heading\">Seus direitos sobre seus dados<\/h3>\n\n\n\n<p>Voc\u00ea pode solicitar a exporta\u00e7\u00e3o dos seus dados pessoais ou solicitar que os apaguemos. Isso exclui quaisquer dados que sejamos obrigados a reter para fins administrativos, legais ou de seguran\u00e7a.<\/p>\n\n\n\n<h3 class=\"wp-block-heading\">Para onde enviamos seus dados<\/h3>\n\n\n\n<p>Os coment\u00e1rios dos visitantes podem ser verificados por meio de ferramentas automatizadas de detec\u00e7\u00e3o de spam hospedadas por terceiros.<\/p>\n\n\n\n<h3 class=\"wp-block-heading\">Suas informa\u00e7\u00f5es de contato<\/h3>\n\n\n\n<p>Armazenamos os dados de contato enviados por meio de formul\u00e1rios ou perfis de usu\u00e1rio exclusivamente para responder \u00e0s suas perguntas ou fornecer acesso \u00e0 plataforma. Seus dados n\u00e3o s\u00e3o compartilhados para fins de marketing sem consentimento.<\/p>\n\n\n\n<h3 class=\"wp-block-heading\">Informa\u00e7\u00f5es adicionais<\/h3>\n\n\n\n<h4 class=\"wp-block-heading\">Como protegemos seus dados<\/h4>\n\n\n\n<p>Implementamos medidas de seguran\u00e7a padr\u00e3o do setor, incluindo criptografia, firewalls e protocolos de acesso seguro para proteger suas informa\u00e7\u00f5es pessoais.<\/p>\n\n\n\n<h4 class=\"wp-block-heading\">Procedimentos de viola\u00e7\u00e3o de dados<\/h4>\n\n\n\n<p>Em caso de viola\u00e7\u00e3o, notificaremos os usu\u00e1rios afetados e as autoridades competentes, conforme exigido por lei. Monitoramos ativamente o acesso n\u00e3o autorizado e mitigamos os riscos.<\/p>\n\n\n\n<h4 class=\"wp-block-heading\">Fontes de dados de terceiros<\/h4>\n\n\n\n<p>Podemos receber dados de servi\u00e7os de terceiros (por exemplo, provedores de an\u00e1lise) que nos ajudam a melhorar nosso site e a experi\u00eancia do usu\u00e1rio.<\/p>\n\n\n\n<h4 class=\"wp-block-heading\">Tomada de decis\u00e3o automatizada<\/h4>\n\n\n\n<p>N\u00e3o usamos dados pessoais para tomada de decis\u00e3o automatizada ou cria\u00e7\u00e3o de perfil sem o seu consentimento.<\/p>\n\n\n\n<h4 class=\"wp-block-heading\">Conformidade da ind\u00fastria<\/h4>\n\n\n\n<p>Cumprimos as regulamenta\u00e7\u00f5es de prote\u00e7\u00e3o de dados aplic\u00e1veis, incluindo o GDPR e outras estruturas de privacidade, para garantir que seus dados sejam tratados com responsabilidade.<\/p>\n\n\n\n<p><\/p>","protected":false},"excerpt":{"rendered":"<p>Who We Are Website: https:\/\/omeglecam.live We are OmegleCam.live, a platform that offers online video chat and entertainment. This Privacy Policy explains how we collect, use, and protect your information when you interact with our website. What Personal Data We Collect and Why Comments When visitors leave comments on the site, we collect the data shown [&hellip;]<\/p>\n","protected":false},"author":1,"featured_media":0,"parent":0,"menu_order":0,"comment_status":"closed","ping_status":"closed","template":"","meta":{"footnotes":""},"class_list":["post-141","page","type-page","status-publish","hentry"],"_links":{"self":[{"href":"https:\/\/omeglecam.live\/pt\/wp-json\/wp\/v2\/pages\/141","targetHints":{"allow":["GET"]}}],"collection":[{"href":"https:\/\/omeglecam.live\/pt\/wp-json\/wp\/v2\/pages"}],"about":[{"href":"https:\/\/omeglecam.live\/pt\/wp-json\/wp\/v2\/types\/page"}],"author":[{"embeddable":true,"href":"https:\/\/omeglecam.live\/pt\/wp-json\/wp\/v2\/users\/1"}],"replies":[{"embeddable":true,"href":"https:\/\/omeglecam.live\/pt\/wp-json\/wp\/v2\/comments?post=141"}],"version-history":[{"count":1,"href":"https:\/\/omeglecam.live\/pt\/wp-json\/wp\/v2\/pages\/141\/revisions"}],"predecessor-version":[{"id":310,"href":"https:\/\/omeglecam.live\/pt\/wp-json\/wp\/v2\/pages\/141\/revisions\/310"}],"wp:attachment":[{"href":"https:\/\/omeglecam.live\/pt\/wp-json\/wp\/v2\/media?parent=141"}],"curies":[{"name":"wp","href":"https:\/\/api.w.org\/{rel}","templated":true}]}}