{"id":141,"date":"2023-03-14T10:42:48","date_gmt":"2023-03-14T10:42:48","guid":{"rendered":"https:\/\/export.mercurytheme.com\/013\/?page_id=141"},"modified":"2025-05-28T12:43:44","modified_gmt":"2025-05-28T12:43:44","slug":"privacy-policy-2","status":"publish","type":"page","link":"https:\/\/omeglecam.live\/fr\/privacy-policy-2\/","title":{"rendered":"politique de confidentialit\u00e9"},"content":{"rendered":"<hr class=\"wp-block-separator has-alpha-channel-opacity\"\/>\n\n\n\n<h2 class=\"wp-block-heading\">Qui sommes-nous<\/h2>\n\n\n\n<h3 class=\"wp-block-heading\"><br><strong>Site web:<\/strong> <a href=\"https:\/\/omeglecam.live\/fr\/\">https:\/\/omeglecam.live<\/a><\/h3>\n\n\n\n<p>Nous sommes OmegleCam.live, une plateforme de chat vid\u00e9o et de divertissement en ligne. Cette politique de confidentialit\u00e9 explique comment nous collectons, utilisons et prot\u00e9geons vos informations lorsque vous interagissez avec notre site web.<\/p>\n\n\n\n<h3 class=\"wp-block-heading\">Quelles donn\u00e9es personnelles nous collectons et pourquoi<\/h3>\n\n\n\n<h4 class=\"wp-block-heading\">Commentaires<\/h4>\n\n\n\n<p>Lorsque les visiteurs laissent des commentaires sur le site, nous collectons les donn\u00e9es affich\u00e9es dans le formulaire de commentaires, ainsi que l&#039;adresse IP du visiteur et la cha\u00eene de l&#039;agent utilisateur du navigateur pour aider \u00e0 la d\u00e9tection du spam.<\/p>\n\n\n\n<p>Un hachage anonymis\u00e9 cr\u00e9\u00e9 \u00e0 partir de votre adresse e-mail peut \u00eatre partag\u00e9 avec le service Gravatar pour afficher votre image de profil \u00e0 c\u00f4t\u00e9 des commentaires approuv\u00e9s. Pour en savoir plus sur la politique de confidentialit\u00e9 de Gravatar, cliquez ici\u00a0: <a href=\"https:\/\/automattic.com\/privacy\" target=\"_blank\" rel=\"noopener\">https:\/\/automattic.com\/privacy<\/a><\/p>\n\n\n\n<h4 class=\"wp-block-heading\">M\u00e9dias<\/h4>\n\n\n\n<p>Si vous t\u00e9l\u00e9chargez des images, \u00e9vitez d&#039;inclure des donn\u00e9es de localisation int\u00e9gr\u00e9es (EXIF GPS), car d&#039;autres personnes peuvent t\u00e9l\u00e9charger et extraire ces donn\u00e9es.<\/p>\n\n\n\n<h4 class=\"wp-block-heading\">Formulaires de contact<\/h4>\n\n\n\n<p>Les informations soumises via les formulaires de contact sont stock\u00e9es en toute s\u00e9curit\u00e9 et utilis\u00e9es uniquement pour r\u00e9pondre \u00e0 votre demande ou fournir une assistance.<\/p>\n\n\n\n<h3 class=\"wp-block-heading\">Cookies<\/h3>\n\n\n\n<ul class=\"wp-block-list\">\n<li><strong>Cookies de commentaires :<\/strong> Si vous commentez notre site, vous pouvez choisir d&#039;enregistrer votre nom, votre adresse e-mail et votre site web dans des cookies pour plus de commodit\u00e9. Ces cookies durent un an.<\/li>\n\n\n\n<li><strong>Cookies de connexion :<\/strong> Nous utilisons des cookies temporaires pour v\u00e9rifier si votre navigateur les accepte. Lorsque vous vous connectez, les cookies conservent vos informations de connexion pendant deux jours (ou deux semaines si vous s\u00e9lectionnez \u00ab\u00a0Se souvenir de moi\u00a0\u00bb). La d\u00e9connexion supprime ces cookies.<\/li>\n\n\n\n<li><strong>Modification des cookies :<\/strong> Lors de l&#039;\u00e9dition ou de la publication d&#039;articles, un cookie avec l&#039;ID de publication est enregistr\u00e9 et expire apr\u00e8s un jour.<\/li>\n<\/ul>\n\n\n\n<h3 class=\"wp-block-heading\">Contenu int\u00e9gr\u00e9 provenant d&#039;autres sites Web<\/h3>\n\n\n\n<p>Les articles de ce site peuvent inclure du contenu int\u00e9gr\u00e9 (par exemple, des vid\u00e9os, des images). Ceux-ci se comportent comme si vous aviez visit\u00e9 le site tiers et peuvent collecter vos donn\u00e9es, utiliser des cookies ou suivre vos interactions.<\/p>\n\n\n\n<h3 class=\"wp-block-heading\">Analytique<\/h3>\n\n\n\n<p>Nous utilisons des outils d&#039;analyse pour comprendre comment les visiteurs interagissent avec notre site. Cela nous aide \u00e0 am\u00e9liorer les fonctionnalit\u00e9s et l&#039;exp\u00e9rience utilisateur. Aucune information personnelle identifiable n&#039;est stock\u00e9e ni partag\u00e9e dans le cadre de ce processus.<\/p>\n\n\n\n<h3 class=\"wp-block-heading\">Avec qui partageons-nous vos donn\u00e9es<\/h3>\n\n\n\n<p>Nous ne vendons ni ne louons vos donn\u00e9es personnelles. Les commentaires des visiteurs peuvent \u00eatre examin\u00e9s par des services automatis\u00e9s de d\u00e9tection des spams. Les donn\u00e9es peuvent \u00eatre partag\u00e9es avec des partenaires de confiance \u00e0 des fins d&#039;assistance technique, d&#039;analyse ou de conformit\u00e9 l\u00e9gale.<\/p>\n\n\n\n<h3 class=\"wp-block-heading\">Combien de temps conservons-nous vos donn\u00e9es<\/h3>\n\n\n\n<ul class=\"wp-block-list\">\n<li>Les commentaires et les m\u00e9tadonn\u00e9es sont stock\u00e9s ind\u00e9finiment pour reconna\u00eetre et approuver les commentaires de suivi.<\/li>\n\n\n\n<li>Si vous vous inscrivez, nous conservons les informations de votre profil. Les utilisateurs peuvent consulter, modifier ou supprimer leurs donn\u00e9es personnelles \u00e0 tout moment (le nom d&#039;utilisateur ne peut pas \u00eatre modifi\u00e9). Les administrateurs peuvent \u00e9galement consulter et modifier ces donn\u00e9es.<\/li>\n<\/ul>\n\n\n\n<h3 class=\"wp-block-heading\">Vos droits sur vos donn\u00e9es<\/h3>\n\n\n\n<p>Vous pouvez demander l&#039;exportation de vos donn\u00e9es personnelles ou leur suppression. Ceci exclut les donn\u00e9es que nous sommes tenus de conserver \u00e0 des fins administratives, juridiques ou de s\u00e9curit\u00e9.<\/p>\n\n\n\n<h3 class=\"wp-block-heading\">O\u00f9 nous envoyons vos donn\u00e9es<\/h3>\n\n\n\n<p>Les commentaires des visiteurs peuvent \u00eatre v\u00e9rifi\u00e9s via des outils automatis\u00e9s de d\u00e9tection de spam h\u00e9berg\u00e9s par des tiers.<\/p>\n\n\n\n<h3 class=\"wp-block-heading\">Vos coordonn\u00e9es<\/h3>\n\n\n\n<p>Nous conservons les coordonn\u00e9es fournies via les formulaires ou les profils utilisateur uniquement pour r\u00e9pondre \u00e0 vos demandes ou vous donner acc\u00e8s \u00e0 la plateforme. Vos donn\u00e9es ne sont pas partag\u00e9es \u00e0 des fins marketing sans votre consentement.<\/p>\n\n\n\n<h3 class=\"wp-block-heading\">Informations Compl\u00e9mentaires<\/h3>\n\n\n\n<h4 class=\"wp-block-heading\">Comment nous prot\u00e9geons vos donn\u00e9es<\/h4>\n\n\n\n<p>Nous mettons en \u0153uvre des mesures de s\u00e9curit\u00e9 conformes aux normes de l\u2019industrie, notamment le cryptage, les pare-feu et les protocoles d\u2019acc\u00e8s s\u00e9curis\u00e9 pour prot\u00e9ger vos informations personnelles.<\/p>\n\n\n\n<h4 class=\"wp-block-heading\">Proc\u00e9dures en cas de violation de donn\u00e9es<\/h4>\n\n\n\n<p>En cas de violation, nous informerons les utilisateurs concern\u00e9s et les autorit\u00e9s comp\u00e9tentes, comme l&#039;exige la loi. Nous surveillons activement les acc\u00e8s non autoris\u00e9s et att\u00e9nuons les risques.<\/p>\n\n\n\n<h4 class=\"wp-block-heading\">Sources de donn\u00e9es tierces<\/h4>\n\n\n\n<p>Nous pouvons recevoir des donn\u00e9es de services tiers (par exemple, des fournisseurs d&#039;analyses) qui nous aident \u00e0 am\u00e9liorer notre site Web et l&#039;exp\u00e9rience utilisateur.<\/p>\n\n\n\n<h4 class=\"wp-block-heading\">Prise de d\u00e9cision automatis\u00e9e<\/h4>\n\n\n\n<p>Nous n&#039;utilisons pas de donn\u00e9es personnelles \u00e0 des fins de prise de d\u00e9cision automatis\u00e9e ou de profilage sans votre consentement.<\/p>\n\n\n\n<h4 class=\"wp-block-heading\">Conformit\u00e9 de l&#039;industrie<\/h4>\n\n\n\n<p>Nous respectons les r\u00e9glementations applicables en mati\u00e8re de protection des donn\u00e9es, notamment le RGPD et d&#039;autres cadres de confidentialit\u00e9, pour garantir que vos donn\u00e9es sont trait\u00e9es de mani\u00e8re responsable.<\/p>\n\n\n\n<p><\/p>","protected":false},"excerpt":{"rendered":"<p>Who We Are Website: https:\/\/omeglecam.live We are OmegleCam.live, a platform that offers online video chat and entertainment. This Privacy Policy explains how we collect, use, and protect your information when you interact with our website. What Personal Data We Collect and Why Comments When visitors leave comments on the site, we collect the data shown [&hellip;]<\/p>\n","protected":false},"author":1,"featured_media":0,"parent":0,"menu_order":0,"comment_status":"closed","ping_status":"closed","template":"","meta":{"footnotes":""},"class_list":["post-141","page","type-page","status-publish","hentry"],"_links":{"self":[{"href":"https:\/\/omeglecam.live\/fr\/wp-json\/wp\/v2\/pages\/141","targetHints":{"allow":["GET"]}}],"collection":[{"href":"https:\/\/omeglecam.live\/fr\/wp-json\/wp\/v2\/pages"}],"about":[{"href":"https:\/\/omeglecam.live\/fr\/wp-json\/wp\/v2\/types\/page"}],"author":[{"embeddable":true,"href":"https:\/\/omeglecam.live\/fr\/wp-json\/wp\/v2\/users\/1"}],"replies":[{"embeddable":true,"href":"https:\/\/omeglecam.live\/fr\/wp-json\/wp\/v2\/comments?post=141"}],"version-history":[{"count":1,"href":"https:\/\/omeglecam.live\/fr\/wp-json\/wp\/v2\/pages\/141\/revisions"}],"predecessor-version":[{"id":310,"href":"https:\/\/omeglecam.live\/fr\/wp-json\/wp\/v2\/pages\/141\/revisions\/310"}],"wp:attachment":[{"href":"https:\/\/omeglecam.live\/fr\/wp-json\/wp\/v2\/media?parent=141"}],"curies":[{"name":"wp","href":"https:\/\/api.w.org\/{rel}","templated":true}]}}