{"id":141,"date":"2023-03-14T10:42:48","date_gmt":"2023-03-14T10:42:48","guid":{"rendered":"https:\/\/export.mercurytheme.com\/013\/?page_id=141"},"modified":"2025-05-28T12:43:44","modified_gmt":"2025-05-28T12:43:44","slug":"privacy-policy-2","status":"publish","type":"page","link":"https:\/\/omeglecam.live\/es\/privacy-policy-2\/","title":{"rendered":"pol\u00edtica de privacidad"},"content":{"rendered":"<hr class=\"wp-block-separator has-alpha-channel-opacity\"\/>\n\n\n\n<h2 class=\"wp-block-heading\">Quienes somos<\/h2>\n\n\n\n<h3 class=\"wp-block-heading\"><br><strong>Sitio web:<\/strong> <a href=\"https:\/\/omeglecam.live\/es\/\">https:\/\/omeglecam.live<\/a><\/h3>\n\n\n\n<p>Somos OmegleCam.live, una plataforma que ofrece videochat y entretenimiento en l\u00ednea. Esta Pol\u00edtica de Privacidad explica c\u00f3mo recopilamos, usamos y protegemos su informaci\u00f3n cuando interact\u00faa con nuestro sitio web.<\/p>\n\n\n\n<h3 class=\"wp-block-heading\">Qu\u00e9 datos personales recopilamos y por qu\u00e9<\/h3>\n\n\n\n<h4 class=\"wp-block-heading\">Comentarios<\/h4>\n\n\n\n<p>Cuando los visitantes dejan comentarios en el sitio, recopilamos los datos que se muestran en el formulario de comentarios, as\u00ed como la direcci\u00f3n IP del visitante y la cadena del agente de usuario del navegador para ayudar con la detecci\u00f3n de spam.<\/p>\n\n\n\n<p>Un hash an\u00f3nimo generado a partir de tu correo electr\u00f3nico podr\u00eda compartirse con el servicio Gravatar para mostrar tu imagen de perfil junto a los comentarios aprobados. Obt\u00e9n m\u00e1s informaci\u00f3n sobre la pol\u00edtica de privacidad de Gravatar aqu\u00ed: <a href=\"https:\/\/automattic.com\/privacy\" target=\"_blank\" rel=\"noopener\">https:\/\/automattic.com\/privacy<\/a><\/p>\n\n\n\n<h4 class=\"wp-block-heading\">Medios de comunicaci\u00f3n<\/h4>\n\n\n\n<p>Si carga im\u00e1genes, evite incluir datos de ubicaci\u00f3n incrustados (GPS EXIF), ya que otros podr\u00edan descargar y extraer estos datos.<\/p>\n\n\n\n<h4 class=\"wp-block-heading\">Formularios de contacto<\/h4>\n\n\n\n<p>La informaci\u00f3n enviada a trav\u00e9s de formularios de contacto se almacena de forma segura y se utiliza \u00fanicamente para responder a su consulta o brindarle soporte.<\/p>\n\n\n\n<h3 class=\"wp-block-heading\">Galletas<\/h3>\n\n\n\n<ul class=\"wp-block-list\">\n<li><strong>Cookies de comentarios:<\/strong> Si comenta en nuestro sitio, puede optar por guardar su nombre, correo electr\u00f3nico y sitio web en cookies para su comodidad. Estas cookies duran un a\u00f1o.<\/li>\n\n\n\n<li><strong>Cookies de inicio de sesi\u00f3n:<\/strong> Utilizamos cookies temporales para comprobar si su navegador las admite. Al iniciar sesi\u00f3n, las cookies almacenan su informaci\u00f3n de inicio de sesi\u00f3n durante dos d\u00edas (o dos semanas si selecciona &quot;Recordarme&quot;). Al cerrar sesi\u00f3n, se eliminan estas cookies.<\/li>\n\n\n\n<li><strong>Edici\u00f3n de cookies:<\/strong> Al editar o publicar art\u00edculos, se guarda una cookie con el ID de la publicaci\u00f3n y caduca despu\u00e9s de un d\u00eda.<\/li>\n<\/ul>\n\n\n\n<h3 class=\"wp-block-heading\">Contenido incrustado de otros sitios web<\/h3>\n\n\n\n<p>Los art\u00edculos de este sitio pueden incluir contenido incrustado (p. ej., v\u00eddeos, im\u00e1genes). Estos se comportan como si hubieras visitado el sitio web de terceros y pueden recopilar tus datos, usar cookies o rastrear tus interacciones.<\/p>\n\n\n\n<h3 class=\"wp-block-heading\">Anal\u00edtica<\/h3>\n\n\n\n<p>Utilizamos herramientas de an\u00e1lisis para comprender c\u00f3mo interact\u00faan los visitantes con nuestro sitio. Esto nos ayuda a mejorar la funcionalidad y la experiencia del usuario. En este proceso, no se almacena ni se comparte informaci\u00f3n personal identificable.<\/p>\n\n\n\n<h3 class=\"wp-block-heading\">Con qui\u00e9n compartimos sus datos<\/h3>\n\n\n\n<p>No vendemos ni alquilamos sus datos personales. Los comentarios de los visitantes pueden revisarse mediante servicios automatizados de detecci\u00f3n de spam. Los datos pueden compartirse con socios de confianza para asistencia t\u00e9cnica, an\u00e1lisis o cumplimiento legal.<\/p>\n\n\n\n<h3 class=\"wp-block-heading\">Cu\u00e1nto tiempo conservamos sus datos<\/h3>\n\n\n\n<ul class=\"wp-block-list\">\n<li>Los comentarios y metadatos se almacenan indefinidamente para reconocer y aprobar comentarios de seguimiento.<\/li>\n\n\n\n<li>Si se registra, almacenaremos la informaci\u00f3n de su perfil. Los usuarios pueden ver, editar o eliminar sus datos personales en cualquier momento (el nombre de usuario no se puede cambiar). Los administradores tambi\u00e9n pueden ver y editar estos datos.<\/li>\n<\/ul>\n\n\n\n<h3 class=\"wp-block-heading\">Sus derechos sobre sus datos<\/h3>\n\n\n\n<p>Puede solicitar la exportaci\u00f3n de sus datos personales o solicitar que los eliminemos. Esto excluye cualquier dato que debamos conservar con fines administrativos, legales o de seguridad.<\/p>\n\n\n\n<h3 class=\"wp-block-heading\">D\u00f3nde enviamos sus datos<\/h3>\n\n\n\n<p>Los comentarios de los visitantes pueden comprobarse mediante herramientas de detecci\u00f3n de spam autom\u00e1ticas alojadas por terceros.<\/p>\n\n\n\n<h3 class=\"wp-block-heading\">Su informaci\u00f3n de contacto<\/h3>\n\n\n\n<p>Almacenamos la informaci\u00f3n de contacto que nos proporciona a trav\u00e9s de formularios o perfiles de usuario \u00fanicamente para responder a sus consultas o facilitarle el acceso a la plataforma. Sus datos no se comparten con fines comerciales sin su consentimiento.<\/p>\n\n\n\n<h3 class=\"wp-block-heading\">informaci\u00f3n adicional<\/h3>\n\n\n\n<h4 class=\"wp-block-heading\">C\u00f3mo protegemos sus datos<\/h4>\n\n\n\n<p>Implementamos medidas de seguridad est\u00e1ndar de la industria, que incluyen encriptaci\u00f3n, firewalls y protocolos de acceso seguro para proteger su informaci\u00f3n personal.<\/p>\n\n\n\n<h4 class=\"wp-block-heading\">Procedimientos en caso de violaci\u00f3n de datos<\/h4>\n\n\n\n<p>En caso de una infracci\u00f3n, notificaremos a los usuarios afectados y a las autoridades pertinentes, seg\u00fan lo exija la ley. Monitoreamos activamente el acceso no autorizado y mitigamos los riesgos.<\/p>\n\n\n\n<h4 class=\"wp-block-heading\">Fuentes de datos de terceros<\/h4>\n\n\n\n<p>Podemos recibir datos de servicios de terceros (por ejemplo, proveedores de an\u00e1lisis) que nos ayudan a mejorar nuestro sitio web y la experiencia del usuario.<\/p>\n\n\n\n<h4 class=\"wp-block-heading\">Toma de decisiones automatizada<\/h4>\n\n\n\n<p>No utilizamos datos personales para la toma de decisiones automatizada ni para la elaboraci\u00f3n de perfiles sin su consentimiento.<\/p>\n\n\n\n<h4 class=\"wp-block-heading\">Cumplimiento de la industria<\/h4>\n\n\n\n<p>Cumplimos con las regulaciones de protecci\u00f3n de datos aplicables, incluido el RGPD y otros marcos de privacidad, para garantizar que sus datos se manejen de manera responsable.<\/p>\n\n\n\n<p><\/p>","protected":false},"excerpt":{"rendered":"<p>Who We Are Website: https:\/\/omeglecam.live We are OmegleCam.live, a platform that offers online video chat and entertainment. This Privacy Policy explains how we collect, use, and protect your information when you interact with our website. What Personal Data We Collect and Why Comments When visitors leave comments on the site, we collect the data shown [&hellip;]<\/p>\n","protected":false},"author":1,"featured_media":0,"parent":0,"menu_order":0,"comment_status":"closed","ping_status":"closed","template":"","meta":{"footnotes":""},"class_list":["post-141","page","type-page","status-publish","hentry"],"_links":{"self":[{"href":"https:\/\/omeglecam.live\/es\/wp-json\/wp\/v2\/pages\/141","targetHints":{"allow":["GET"]}}],"collection":[{"href":"https:\/\/omeglecam.live\/es\/wp-json\/wp\/v2\/pages"}],"about":[{"href":"https:\/\/omeglecam.live\/es\/wp-json\/wp\/v2\/types\/page"}],"author":[{"embeddable":true,"href":"https:\/\/omeglecam.live\/es\/wp-json\/wp\/v2\/users\/1"}],"replies":[{"embeddable":true,"href":"https:\/\/omeglecam.live\/es\/wp-json\/wp\/v2\/comments?post=141"}],"version-history":[{"count":1,"href":"https:\/\/omeglecam.live\/es\/wp-json\/wp\/v2\/pages\/141\/revisions"}],"predecessor-version":[{"id":310,"href":"https:\/\/omeglecam.live\/es\/wp-json\/wp\/v2\/pages\/141\/revisions\/310"}],"wp:attachment":[{"href":"https:\/\/omeglecam.live\/es\/wp-json\/wp\/v2\/media?parent=141"}],"curies":[{"name":"wp","href":"https:\/\/api.w.org\/{rel}","templated":true}]}}