{"id":141,"date":"2023-03-14T10:42:48","date_gmt":"2023-03-14T10:42:48","guid":{"rendered":"https:\/\/export.mercurytheme.com\/013\/?page_id=141"},"modified":"2025-05-28T12:43:44","modified_gmt":"2025-05-28T12:43:44","slug":"privacy-policy-2","status":"publish","type":"page","link":"https:\/\/omeglecam.live\/de\/privacy-policy-2\/","title":{"rendered":"Datenschutzrichtlinie"},"content":{"rendered":"<hr class=\"wp-block-separator has-alpha-channel-opacity\"\/>\n\n\n\n<h2 class=\"wp-block-heading\">Wer wir sind<\/h2>\n\n\n\n<h3 class=\"wp-block-heading\"><br><strong>Webseite:<\/strong> <a href=\"https:\/\/omeglecam.live\/de\/\">https:\/\/omeglecam.live<\/a><\/h3>\n\n\n\n<p>Wir sind OmegleCam.live, eine Plattform, die Online-Videochat und Unterhaltung anbietet. Diese Datenschutzrichtlinie erl\u00e4utert, wie wir Ihre Daten erheben, verwenden und sch\u00fctzen, wenn Sie mit unserer Website interagieren.<\/p>\n\n\n\n<h3 class=\"wp-block-heading\">Welche personenbezogenen Daten wir erheben und warum<\/h3>\n\n\n\n<h4 class=\"wp-block-heading\">Kommentare<\/h4>\n\n\n\n<p>Wenn Besucher Kommentare auf der Site hinterlassen, erfassen wir die im Kommentarformular angezeigten Daten sowie die IP-Adresse des Besuchers und die Zeichenfolge des Browser-Benutzeragenten, um die Spam-Erkennung zu unterst\u00fctzen.<\/p>\n\n\n\n<p>Ein anonymisierter Hash, der aus Ihrer E-Mail-Adresse erstellt wurde, kann an den Gravatar-Dienst weitergegeben werden, um Ihr Profilbild neben freigegebenen Kommentaren anzuzeigen. Erfahren Sie hier mehr \u00fcber die Datenschutzbestimmungen von Gravatar: <a href=\"https:\/\/automattic.com\/privacy\" target=\"_blank\" rel=\"noopener\">https:\/\/automattic.com\/privacy<\/a><\/p>\n\n\n\n<h4 class=\"wp-block-heading\">Medien<\/h4>\n\n\n\n<p>Vermeiden Sie beim Hochladen von Bildern die Einbindung eingebetteter Standortdaten (EXIF GPS), da andere diese Daten herunterladen und extrahieren k\u00f6nnten.<\/p>\n\n\n\n<h4 class=\"wp-block-heading\">Kontaktformulare<\/h4>\n\n\n\n<p>\u00dcber Kontaktformulare \u00fcbermittelte Informationen werden sicher gespeichert und nur verwendet, um auf Ihre Anfrage zu antworten oder Support bereitzustellen.<\/p>\n\n\n\n<h3 class=\"wp-block-heading\">Dieses Portal verwendet Cookies zur Optimierung der Browserfunktion. Informieren Sie sich, wie wir Cookies verwenden und wie Sie Ihre Einstellungen \u00e4ndern k\u00f6nnen.<\/h3>\n\n\n\n<ul class=\"wp-block-list\">\n<li><strong>Kommentar-Cookies:<\/strong> Wenn Sie auf unserer Website einen Kommentar hinterlassen, k\u00f6nnen Sie Ihren Namen, Ihre E-Mail-Adresse und Ihre Website in Cookies speichern. Diese Cookies sind ein Jahr lang g\u00fcltig.<\/li>\n\n\n\n<li><strong>Anmelde-Cookies:<\/strong> Wir verwenden tempor\u00e4re Cookies, um zu pr\u00fcfen, ob Ihr Browser Cookies unterst\u00fctzt. Wenn Sie sich anmelden, speichern Cookies Ihre Anmeldedaten f\u00fcr zwei Tage (oder zwei Wochen, wenn Sie \u201eAngemeldet bleiben\u201c ausw\u00e4hlen). Beim Abmelden werden diese Cookies gel\u00f6scht.<\/li>\n\n\n\n<li><strong>Bearbeiten von Cookies:<\/strong> Beim Bearbeiten oder Ver\u00f6ffentlichen von Artikeln wird ein Cookie mit der Beitrags-ID gespeichert, das nach einem Tag abl\u00e4uft.<\/li>\n<\/ul>\n\n\n\n<h3 class=\"wp-block-heading\">Eingebettete Inhalte von anderen Websites<\/h3>\n\n\n\n<p>Artikel auf dieser Website k\u00f6nnen eingebettete Inhalte (z. B. Videos, Bilder) enthalten. Diese verhalten sich so, als ob Sie die Website eines Drittanbieters besucht h\u00e4tten und k\u00f6nnen Ihre Daten sammeln, Cookies verwenden oder Interaktionen verfolgen.<\/p>\n\n\n\n<h3 class=\"wp-block-heading\">Analyse<\/h3>\n\n\n\n<p>Wir verwenden Analysetools, um zu verstehen, wie Besucher mit unserer Website interagieren. Dies hilft uns, die Funktionalit\u00e4t und das Benutzererlebnis zu verbessern. Dabei werden keine personenbezogenen Daten gespeichert oder weitergegeben.<\/p>\n\n\n\n<h3 class=\"wp-block-heading\">Mit wem wir Ihre Daten teilen<\/h3>\n\n\n\n<p>Wir verkaufen oder vermieten Ihre personenbezogenen Daten nicht. Besucherkommentare k\u00f6nnen durch automatisierte Spam-Erkennungsdienste \u00fcberpr\u00fcft werden. Daten k\u00f6nnen f\u00fcr technischen Support, Analysen oder zur Einhaltung gesetzlicher Vorschriften an vertrauensw\u00fcrdige Partner weitergegeben werden.<\/p>\n\n\n\n<h3 class=\"wp-block-heading\">Wie lange wir Ihre Daten speichern<\/h3>\n\n\n\n<ul class=\"wp-block-list\">\n<li>Kommentare und Metadaten werden zeitlich unbegrenzt gespeichert, um Folgekommentare erkennen und freigeben zu k\u00f6nnen.<\/li>\n\n\n\n<li>Wenn Sie sich registrieren, speichern wir Ihre Profildaten. Nutzer k\u00f6nnen Ihre pers\u00f6nlichen Daten jederzeit einsehen, bearbeiten oder l\u00f6schen (der Benutzername kann nicht ge\u00e4ndert werden). Administratoren k\u00f6nnen diese Daten ebenfalls einsehen und bearbeiten.<\/li>\n<\/ul>\n\n\n\n<h3 class=\"wp-block-heading\">Ihre Rechte an Ihren Daten<\/h3>\n\n\n\n<p>Sie k\u00f6nnen einen Export Ihrer personenbezogenen Daten oder deren L\u00f6schung beantragen. Ausgenommen hiervon sind Daten, die wir aus administrativen, rechtlichen oder sicherheitsrelevanten Gr\u00fcnden aufbewahren m\u00fcssen.<\/p>\n\n\n\n<h3 class=\"wp-block-heading\">Wohin wir Ihre Daten senden<\/h3>\n\n\n\n<p>Besucherkommentare k\u00f6nnen mithilfe automatisierter Spam-Erkennungstools \u00fcberpr\u00fcft werden, die von Drittanbietern gehostet werden.<\/p>\n\n\n\n<h3 class=\"wp-block-heading\">Ihre Kontaktinformationen<\/h3>\n\n\n\n<p>Wir speichern Ihre \u00fcber Formulare oder Benutzerprofile \u00fcbermittelten Kontaktdaten ausschlie\u00dflich zur Beantwortung Ihrer Anfragen oder zur Bereitstellung des Plattformzugangs. Ihre Daten werden ohne Ihre Einwilligung nicht f\u00fcr Marketingzwecke weitergegeben.<\/p>\n\n\n\n<h3 class=\"wp-block-heading\">Weitere Informationen<\/h3>\n\n\n\n<h4 class=\"wp-block-heading\">Wie wir Ihre Daten sch\u00fctzen<\/h4>\n\n\n\n<p>Wir implementieren branchen\u00fcbliche Sicherheitsma\u00dfnahmen, darunter Verschl\u00fcsselung, Firewalls und sichere Zugriffsprotokolle, um Ihre pers\u00f6nlichen Daten zu sch\u00fctzen.<\/p>\n\n\n\n<h4 class=\"wp-block-heading\">Verfahren bei Datenschutzverletzungen<\/h4>\n\n\n\n<p>Im Falle eines Versto\u00dfes benachrichtigen wir die betroffenen Nutzer und die zust\u00e4ndigen Beh\u00f6rden gem\u00e4\u00df den gesetzlichen Bestimmungen. Wir \u00fcberwachen aktiv den unbefugten Zugriff und minimieren Risiken.<\/p>\n\n\n\n<h4 class=\"wp-block-heading\">Datenquellen von Drittanbietern<\/h4>\n\n\n\n<p>Wir erhalten m\u00f6glicherweise Daten von Drittanbieterdiensten (z. B. Analyseanbietern), die uns dabei helfen, unsere Website und das Benutzererlebnis zu verbessern.<\/p>\n\n\n\n<h4 class=\"wp-block-heading\">Automatisierte Entscheidungsfindung<\/h4>\n\n\n\n<p>Ohne Ihre Zustimmung verwenden wir personenbezogene Daten nicht f\u00fcr automatisierte Entscheidungsfindungen oder Profilerstellungen.<\/p>\n\n\n\n<h4 class=\"wp-block-heading\">Branchenkonformit\u00e4t<\/h4>\n\n\n\n<p>Wir halten uns an die geltenden Datenschutzbestimmungen, einschlie\u00dflich der DSGVO und anderer Datenschutzrahmen, um einen verantwortungsvollen Umgang mit Ihren Daten zu gew\u00e4hrleisten.<\/p>\n\n\n\n<p><\/p>","protected":false},"excerpt":{"rendered":"<p>Who We Are Website: https:\/\/omeglecam.live We are OmegleCam.live, a platform that offers online video chat and entertainment. This Privacy Policy explains how we collect, use, and protect your information when you interact with our website. What Personal Data We Collect and Why Comments When visitors leave comments on the site, we collect the data shown [&hellip;]<\/p>\n","protected":false},"author":1,"featured_media":0,"parent":0,"menu_order":0,"comment_status":"closed","ping_status":"closed","template":"","meta":{"footnotes":""},"class_list":["post-141","page","type-page","status-publish","hentry"],"_links":{"self":[{"href":"https:\/\/omeglecam.live\/de\/wp-json\/wp\/v2\/pages\/141","targetHints":{"allow":["GET"]}}],"collection":[{"href":"https:\/\/omeglecam.live\/de\/wp-json\/wp\/v2\/pages"}],"about":[{"href":"https:\/\/omeglecam.live\/de\/wp-json\/wp\/v2\/types\/page"}],"author":[{"embeddable":true,"href":"https:\/\/omeglecam.live\/de\/wp-json\/wp\/v2\/users\/1"}],"replies":[{"embeddable":true,"href":"https:\/\/omeglecam.live\/de\/wp-json\/wp\/v2\/comments?post=141"}],"version-history":[{"count":1,"href":"https:\/\/omeglecam.live\/de\/wp-json\/wp\/v2\/pages\/141\/revisions"}],"predecessor-version":[{"id":310,"href":"https:\/\/omeglecam.live\/de\/wp-json\/wp\/v2\/pages\/141\/revisions\/310"}],"wp:attachment":[{"href":"https:\/\/omeglecam.live\/de\/wp-json\/wp\/v2\/media?parent=141"}],"curies":[{"name":"wp","href":"https:\/\/api.w.org\/{rel}","templated":true}]}}